{"id":160,"date":"2023-09-14T04:19:44","date_gmt":"2023-09-14T04:19:44","guid":{"rendered":"https:\/\/verumpsicologia.com\/?page_id=160"},"modified":"2023-09-14T04:24:05","modified_gmt":"2023-09-14T04:24:05","slug":"accesibilidad","status":"publish","type":"page","link":"https:\/\/verumpsicologia.com\/en\/home\/politica-de-privacidad\/accesibilidad\/","title":{"rendered":"Accesibilidad"},"content":{"rendered":"<div data-elementor-type=\"wp-page\" data-elementor-id=\"160\" class=\"elementor elementor-160\" data-elementor-post-type=\"page\">\n\t\t\t\t\t\t<section class=\"elementor-section elementor-top-section elementor-element elementor-element-7492aa9 elementor-section-boxed elementor-section-height-default elementor-section-height-default\" data-id=\"7492aa9\" data-element_type=\"section\">\n\t\t\t\t\t\t<div class=\"elementor-container elementor-column-gap-default\">\n\t\t\t\t\t<div class=\"elementor-column elementor-col-100 elementor-top-column elementor-element elementor-element-6444c64\" data-id=\"6444c64\" data-element_type=\"column\">\n\t\t\t<div class=\"elementor-widget-wrap elementor-element-populated\">\n\t\t\t\t\t\t<div class=\"elementor-element elementor-element-0f392fd elementor-widget elementor-widget-text-editor\" data-id=\"0f392fd\" data-element_type=\"widget\" data-widget_type=\"text-editor.default\">\n\t\t\t\t<div class=\"elementor-widget-container\">\n\t\t\t<style>\/*! elementor - v3.19.0 - 07-02-2024 *\/\n.elementor-widget-text-editor.elementor-drop-cap-view-stacked .elementor-drop-cap{background-color:#69727d;color:#fff}.elementor-widget-text-editor.elementor-drop-cap-view-framed .elementor-drop-cap{color:#69727d;border:3px solid;background-color:transparent}.elementor-widget-text-editor:not(.elementor-drop-cap-view-default) .elementor-drop-cap{margin-top:8px}.elementor-widget-text-editor:not(.elementor-drop-cap-view-default) .elementor-drop-cap-letter{width:1em;height:1em}.elementor-widget-text-editor .elementor-drop-cap{float:left;text-align:center;line-height:1;font-size:50px}.elementor-widget-text-editor .elementor-drop-cap-letter{display:inline-block}<\/style>\t\t\t\t<p>ACCESIBILIDAD WEB<br \/>Actualizado 15\/03\/2023<\/p><p>VERUMPSICOLOGIA se compromete en hacer accesible su sitio web de conformidad con el\u00a0Real Decreto 1112\/2018, sobre accesibilidad de los sitios webs y aplicaciones para dispositivos m\u00f3viles del sector p\u00fablico.<br \/>La presente declaraci\u00f3n de accesibilidad se aplica al sitio web verumpsicologia.com<br \/>SITUACI\u00d3N DE CUMPLIMIENTO<br \/>Este sitio web es parcialmente conforme con el\u00a0RD 1112\/2018\u00a0debido a la falta de conformidad de los aspectos que se indican a continuaci\u00f3n.<br \/>Contenido no accesible<br \/>El contenido que se recoge a continuaci\u00f3n no es accesible por lo siguiente:<br \/>Falta de conformidad con el RD 1112\/2018<br \/>Se pueden encontrar im\u00e1genes sin que acompa\u00f1e texto explicativo.<br \/>Se puede encontrar a\u00fan anidamientos incorrectos de etiquetas.<br \/>Podr\u00edan existir fallos de edici\u00f3n en la p\u00e1gina web.<br \/>Carga desproporcionada<br \/>No aplica.<br \/>El contenido no entra dentro del \u00e1mbito de la legislaci\u00f3n aplicable.<br \/>Existen archivos ofim\u00e1ticos en PDF que no cumplan en su totalidad todos los requisitos de accesibilidad.<br \/>La presente declaraci\u00f3n fue preparada el 15 de enero de 2023.<br \/>El m\u00e9todo empleado para preparar la declaraci\u00f3n ha sido una autoevaluaci\u00f3n llevada a cabo por el equipo de accesibilidad.<br \/>\u00daltima revisi\u00f3n de la declaraci\u00f3n: 12 de enero de 2023.<br \/>Observaciones y datos de contacto<br \/>Puede realizar comunicaciones sobre requisitos de accesibilidad (art\u00edculo 10.2.a) del RD 1112\/2018) como por ejemplo:<br \/>Informar sobre cualquier posible incumplimiento por parte de este sitio web.<br \/>Transmitir otras dificultades de acceso al contenido.<br \/>Formular cualquier otra consulta o sugerencia de mejora relativa a la accesibilidad del sitio web.<br \/>A trav\u00e9s de nuestro buz\u00f3n de sugerencias anayruna@gmail.com<span style=\"color: var( --e-global-color-text ); font-family: var( --e-global-typography-text-font-family ), Sans-serif; font-weight: var( --e-global-typography-text-font-weight ); font-size: 1rem;\">, o de manera presencial en nuestra sede: Calle M\u00e9ndez Pelayo , Palencia<\/span><\/p><p>Las comunicaciones ser\u00e1n recibidas y tratadas por el equipo de Accesibilidad.<\/p>\t\t\t\t\t\t<\/div>\n\t\t\t\t<\/div>\n\t\t\t\t\t<\/div>\n\t\t<\/div>\n\t\t\t\t\t<\/div>\n\t\t<\/section>\n\t\t\t\t<\/div>","protected":false},"excerpt":{"rendered":"<p>ACCESIBILIDAD WEBActualizado 15\/03\/2023 VERUMPSICOLOGIA se compromete en hacer accesible su sitio web de conformidad con el\u00a0Real Decreto 1112\/2018, sobre accesibilidad de los sitios webs y aplicaciones para dispositivos m\u00f3viles del sector p\u00fablico.La presente declaraci\u00f3n de accesibilidad se aplica al sitio web verumpsicologia.comSITUACI\u00d3N DE CUMPLIMIENTOEste sitio web es parcialmente conforme con el\u00a0RD 1112\/2018\u00a0debido a la falta [&hellip;]<\/p>","protected":false},"author":1,"featured_media":0,"parent":150,"menu_order":0,"comment_status":"closed","ping_status":"closed","template":"","meta":{"footnotes":""},"yoast_head":"<!-- This site is optimized with the Yoast SEO plugin v22.0 - https:\/\/yoast.com\/wordpress\/plugins\/seo\/ -->\n<title>Accesibilidad - Verum Psicologia<\/title>\n<meta name=\"robots\" content=\"index, follow, max-snippet:-1, max-image-preview:large, max-video-preview:-1\" \/>\n<link rel=\"canonical\" href=\"https:\/\/verumpsicologia.com\/en\/home\/politica-de-privacidad\/accesibilidad\/\" \/>\n<meta property=\"og:locale\" content=\"en_GB\" \/>\n<meta property=\"og:type\" content=\"article\" \/>\n<meta property=\"og:title\" content=\"Accesibilidad - Verum Psicologia\" \/>\n<meta property=\"og:description\" content=\"ACCESIBILIDAD WEBActualizado 15\/03\/2023 VERUMPSICOLOGIA se compromete en hacer accesible su sitio web de conformidad con el\u00a0Real Decreto 1112\/2018, sobre accesibilidad de los sitios webs y aplicaciones para dispositivos m\u00f3viles del sector p\u00fablico.La presente declaraci\u00f3n de accesibilidad se aplica al sitio web verumpsicologia.comSITUACI\u00d3N DE CUMPLIMIENTOEste sitio web es parcialmente conforme con el\u00a0RD 1112\/2018\u00a0debido a la falta [&hellip;]\" \/>\n<meta property=\"og:url\" content=\"https:\/\/verumpsicologia.com\/en\/home\/politica-de-privacidad\/accesibilidad\/\" \/>\n<meta property=\"og:site_name\" content=\"Verum Psicologia\" \/>\n<meta property=\"article:modified_time\" content=\"2023-09-14T04:24:05+00:00\" \/>\n<meta name=\"twitter:card\" content=\"summary_large_image\" \/>\n<meta name=\"twitter:label1\" content=\"Estimated reading time\" \/>\n\t<meta name=\"twitter:data1\" content=\"1 minute\" \/>\n<script type=\"application\/ld+json\" class=\"yoast-schema-graph\">{\"@context\":\"https:\/\/schema.org\",\"@graph\":[{\"@type\":\"WebPage\",\"@id\":\"https:\/\/verumpsicologia.com\/home\/politica-de-privacidad\/accesibilidad\/\",\"url\":\"https:\/\/verumpsicologia.com\/home\/politica-de-privacidad\/accesibilidad\/\",\"name\":\"Accesibilidad - Verum Psicologia\",\"isPartOf\":{\"@id\":\"https:\/\/verumpsicologia.com\/#website\"},\"datePublished\":\"2023-09-14T04:19:44+00:00\",\"dateModified\":\"2023-09-14T04:24:05+00:00\",\"breadcrumb\":{\"@id\":\"https:\/\/verumpsicologia.com\/home\/politica-de-privacidad\/accesibilidad\/#breadcrumb\"},\"inLanguage\":\"en-GB\",\"potentialAction\":[{\"@type\":\"ReadAction\",\"target\":[\"https:\/\/verumpsicologia.com\/home\/politica-de-privacidad\/accesibilidad\/\"]}]},{\"@type\":\"BreadcrumbList\",\"@id\":\"https:\/\/verumpsicologia.com\/home\/politica-de-privacidad\/accesibilidad\/#breadcrumb\",\"itemListElement\":[{\"@type\":\"ListItem\",\"position\":1,\"name\":\"Portada\",\"item\":\"https:\/\/verumpsicologia.com\/\"},{\"@type\":\"ListItem\",\"position\":2,\"name\":\"Home\",\"item\":\"https:\/\/verumpsicologia.com\/\"},{\"@type\":\"ListItem\",\"position\":3,\"name\":\"Pol\u00edtica de privacidad\",\"item\":\"https:\/\/verumpsicologia.com\/home\/politica-de-privacidad\/\"},{\"@type\":\"ListItem\",\"position\":4,\"name\":\"Accesibilidad\"}]},{\"@type\":\"WebSite\",\"@id\":\"https:\/\/verumpsicologia.com\/#website\",\"url\":\"https:\/\/verumpsicologia.com\/\",\"name\":\"Verum Psicologia\",\"description\":\"Cl\u00ednica de psicolog\u00eda\",\"publisher\":{\"@id\":\"https:\/\/verumpsicologia.com\/#organization\"},\"potentialAction\":[{\"@type\":\"SearchAction\",\"target\":{\"@type\":\"EntryPoint\",\"urlTemplate\":\"https:\/\/verumpsicologia.com\/?s={search_term_string}\"},\"query-input\":\"required name=search_term_string\"}],\"inLanguage\":\"en-GB\"},{\"@type\":\"Organization\",\"@id\":\"https:\/\/verumpsicologia.com\/#organization\",\"name\":\"Verum Psicologia\",\"url\":\"https:\/\/verumpsicologia.com\/\",\"logo\":{\"@type\":\"ImageObject\",\"inLanguage\":\"en-GB\",\"@id\":\"https:\/\/verumpsicologia.com\/#\/schema\/logo\/image\/\",\"url\":\"https:\/\/verumpsicologia.com\/wp-content\/uploads\/2023\/08\/Logotipo-con-nombre-redonde.png\",\"contentUrl\":\"https:\/\/verumpsicologia.com\/wp-content\/uploads\/2023\/08\/Logotipo-con-nombre-redonde.png\",\"width\":600,\"height\":300,\"caption\":\"Verum Psicologia\"},\"image\":{\"@id\":\"https:\/\/verumpsicologia.com\/#\/schema\/logo\/image\/\"}}]}<\/script>\n<!-- \/ Yoast SEO plugin. -->","yoast_head_json":{"title":"Accesibilidad - Verum Psicologia","robots":{"index":"index","follow":"follow","max-snippet":"max-snippet:-1","max-image-preview":"max-image-preview:large","max-video-preview":"max-video-preview:-1"},"canonical":"https:\/\/verumpsicologia.com\/en\/home\/politica-de-privacidad\/accesibilidad\/","og_locale":"en_GB","og_type":"article","og_title":"Accesibilidad - Verum Psicologia","og_description":"ACCESIBILIDAD WEBActualizado 15\/03\/2023 VERUMPSICOLOGIA se compromete en hacer accesible su sitio web de conformidad con el\u00a0Real Decreto 1112\/2018, sobre accesibilidad de los sitios webs y aplicaciones para dispositivos m\u00f3viles del sector p\u00fablico.La presente declaraci\u00f3n de accesibilidad se aplica al sitio web verumpsicologia.comSITUACI\u00d3N DE CUMPLIMIENTOEste sitio web es parcialmente conforme con el\u00a0RD 1112\/2018\u00a0debido a la falta [&hellip;]","og_url":"https:\/\/verumpsicologia.com\/en\/home\/politica-de-privacidad\/accesibilidad\/","og_site_name":"Verum Psicologia","article_modified_time":"2023-09-14T04:24:05+00:00","twitter_card":"summary_large_image","twitter_misc":{"Estimated reading time":"1 minute"},"schema":{"@context":"https:\/\/schema.org","@graph":[{"@type":"WebPage","@id":"https:\/\/verumpsicologia.com\/home\/politica-de-privacidad\/accesibilidad\/","url":"https:\/\/verumpsicologia.com\/home\/politica-de-privacidad\/accesibilidad\/","name":"Accesibilidad - Verum Psicologia","isPartOf":{"@id":"https:\/\/verumpsicologia.com\/#website"},"datePublished":"2023-09-14T04:19:44+00:00","dateModified":"2023-09-14T04:24:05+00:00","breadcrumb":{"@id":"https:\/\/verumpsicologia.com\/home\/politica-de-privacidad\/accesibilidad\/#breadcrumb"},"inLanguage":"en-GB","potentialAction":[{"@type":"ReadAction","target":["https:\/\/verumpsicologia.com\/home\/politica-de-privacidad\/accesibilidad\/"]}]},{"@type":"BreadcrumbList","@id":"https:\/\/verumpsicologia.com\/home\/politica-de-privacidad\/accesibilidad\/#breadcrumb","itemListElement":[{"@type":"ListItem","position":1,"name":"Portada","item":"https:\/\/verumpsicologia.com\/"},{"@type":"ListItem","position":2,"name":"Home","item":"https:\/\/verumpsicologia.com\/"},{"@type":"ListItem","position":3,"name":"Pol\u00edtica de privacidad","item":"https:\/\/verumpsicologia.com\/home\/politica-de-privacidad\/"},{"@type":"ListItem","position":4,"name":"Accesibilidad"}]},{"@type":"WebSite","@id":"https:\/\/verumpsicologia.com\/#website","url":"https:\/\/verumpsicologia.com\/","name":"Verum Psicologia","description":"Cl\u00ednica de psicolog\u00eda","publisher":{"@id":"https:\/\/verumpsicologia.com\/#organization"},"potentialAction":[{"@type":"SearchAction","target":{"@type":"EntryPoint","urlTemplate":"https:\/\/verumpsicologia.com\/?s={search_term_string}"},"query-input":"required name=search_term_string"}],"inLanguage":"en-GB"},{"@type":"Organization","@id":"https:\/\/verumpsicologia.com\/#organization","name":"Verum Psicologia","url":"https:\/\/verumpsicologia.com\/","logo":{"@type":"ImageObject","inLanguage":"en-GB","@id":"https:\/\/verumpsicologia.com\/#\/schema\/logo\/image\/","url":"https:\/\/verumpsicologia.com\/wp-content\/uploads\/2023\/08\/Logotipo-con-nombre-redonde.png","contentUrl":"https:\/\/verumpsicologia.com\/wp-content\/uploads\/2023\/08\/Logotipo-con-nombre-redonde.png","width":600,"height":300,"caption":"Verum Psicologia"},"image":{"@id":"https:\/\/verumpsicologia.com\/#\/schema\/logo\/image\/"}}]}},"_links":{"self":[{"href":"https:\/\/verumpsicologia.com\/en\/wp-json\/wp\/v2\/pages\/160"}],"collection":[{"href":"https:\/\/verumpsicologia.com\/en\/wp-json\/wp\/v2\/pages"}],"about":[{"href":"https:\/\/verumpsicologia.com\/en\/wp-json\/wp\/v2\/types\/page"}],"author":[{"embeddable":true,"href":"https:\/\/verumpsicologia.com\/en\/wp-json\/wp\/v2\/users\/1"}],"replies":[{"embeddable":true,"href":"https:\/\/verumpsicologia.com\/en\/wp-json\/wp\/v2\/comments?post=160"}],"version-history":[{"count":0,"href":"https:\/\/verumpsicologia.com\/en\/wp-json\/wp\/v2\/pages\/160\/revisions"}],"up":[{"embeddable":true,"href":"https:\/\/verumpsicologia.com\/en\/wp-json\/wp\/v2\/pages\/150"}],"wp:attachment":[{"href":"https:\/\/verumpsicologia.com\/en\/wp-json\/wp\/v2\/media?parent=160"}],"curies":[{"name":"wp","href":"https:\/\/api.w.org\/{rel}","templated":true}]}}